{"id":3616,"date":"2021-09-13T20:55:20","date_gmt":"2021-09-13T20:55:20","guid":{"rendered":"https:\/\/estelaehotels.com\/privacy-policy\/"},"modified":"2021-12-03T01:42:09","modified_gmt":"2021-12-02T23:42:09","slug":"politique-de-confidentialite-et-de-cookies","status":"publish","type":"page","link":"https:\/\/estelaehotels.com\/fr\/politique-de-confidentialite-et-de-cookies\/","title":{"rendered":"Politique de confidentialit\u00e9 et de cookies"},"content":{"rendered":"<section id=\"bt_bb_section69eb7e87e6433\"  class=\"bt_bb_section bt_bb_layout_boxed_1200\" ><div class=\"bt_bb_port\"><div class=\"bt_bb_cell\"><div class=\"bt_bb_cell_inner\"><div class=\"bt_bb_row \"  data-bt-override-class=\"{}\"><div class=\"bt_bb_row_holder\" ><div  class=\"bt_bb_column col-xxl-12 col-xl-12 col-xs-12 col-sm-12 col-md-12 col-lg-12 bt_bb_vertical_align_top bt_bb_align_left bt_bb_padding_normal\" style=\"; --column-width:12;\" data-width=\"12\" data-bt-override-class=\"{}\"><div class=\"bt_bb_column_content\"><div class=\"bt_bb_column_content_inner\"><div class=\"bt_bb_separator bt_bb_bottom_spacing_extra_large bt_bb_border_style_none bt_bb_border_color_none bt_bb_hidden_xs bt_bb_hidden_ms bt_bb_hidden_sm\"><\/div><div class=\"bt_bb_separator bt_bb_top_spacing_medium bt_bb_bottom_spacing_large bt_bb_border_style_none bt_bb_border_color_none bt_bb_hidden_md bt_bb_hidden_lg\"><\/div><header class=\"bt_bb_headline bt_bb_dash_none bt_bb_size_extralarge bt_bb_align_center\"><h1 style=\"font-size:64px\"><span class=\"bt_bb_headline_content\"><span>Politique de confidentialit\u00e9 et de cookies<\/span><\/span><\/h1><\/header><div class=\"bt_bb_separator bt_bb_bottom_spacing_medium bt_bb_border_style_none bt_bb_border_color_none\"><\/div><div  class=\"bt_bb_text\" ><\/p>\n<p>L&rsquo;adresse de notre site Internet est : https:\/\/estelaehotels.com.<\/p>\n<p>Quelles donn\u00e9es personnelles nous collectons et pourquoi nous les collectons<\/p>\n<p>commentaires<\/p>\n<p>Lorsque les visiteurs laissent des commentaires sur le Web, nous collectons les donn\u00e9es affich\u00e9es dans le formulaire de commentaire, ainsi que l&rsquo;adresse IP du visiteur et la cha\u00eene de l&rsquo;agent utilisateur du navigateur pour aider \u00e0 d\u00e9tecter le spam.<\/p>\n<p>Une cha\u00eene anonyme cr\u00e9\u00e9e \u00e0 partir de votre adresse e-mail (\u00e9galement appel\u00e9e hachage) peut \u00eatre fournie au service Gravatar pour voir si vous l&rsquo;utilisez. La politique de confidentialit\u00e9 du service Gravatar est disponible ici : https:\/\/automattic.com\/privacy\/. Apr\u00e8s validation de votre commentaire, votre image de profil est visible publiquement \u00e0 cot\u00e9 de votre commentaire.<\/p>\n<p>M\u00e9dias<\/p>\n<p>Si vous t\u00e9l\u00e9chargez des images sur le Web, \u00e9vitez de t\u00e9l\u00e9charger des images avec des donn\u00e9es de localisation (EXIF GPS) incluses. Les visiteurs du Web peuvent t\u00e9l\u00e9charger et extraire toutes les donn\u00e9es de localisation \u00e0 partir d&rsquo;images sur le Web.<\/p>\n<p>Formulaires de contact<\/p>\n<p>biscuits<\/p>\n<p>Si vous laissez un commentaire sur notre site, vous pouvez choisir d&rsquo;enregistrer votre nom, votre adresse e-mail et votre site Web dans des cookies. Ceci est pour votre commodit\u00e9, afin que vous n&rsquo;ayez pas \u00e0 ressaisir vos coordonn\u00e9es lorsque vous laissez un autre commentaire. Ces cookies dureront un an.<\/p>\n<p>Si vous avez un compte et que vous vous connectez \u00e0 ce site, nous installerons un cookie temporaire pour d\u00e9terminer si votre navigateur accepte les cookies. Ce cookie ne contient pas de donn\u00e9es personnelles et est supprim\u00e9 \u00e0 la fermeture du navigateur.<\/p>\n<p>Lors de votre connexion, nous installerons \u00e9galement plusieurs cookies pour enregistrer vos informations de connexion et vos options d&rsquo;affichage \u00e0 l&rsquo;\u00e9cran. Les cookies d&rsquo;acc\u00e8s durent deux jours et les cookies d&rsquo;options d&rsquo;\u00e9cran durent un an. Si vous s\u00e9lectionnez \u00ab\u00a0Se souvenir de moi\u00a0\u00bb, votre acc\u00e8s durera deux semaines. Si vous vous d\u00e9connectez de votre compte, les cookies d&rsquo;acc\u00e8s seront supprim\u00e9s.<\/p>\n<p>Si vous modifiez ou publiez un article, un cookie suppl\u00e9mentaire sera enregistr\u00e9 dans votre navigateur. Ce cookie n&rsquo;inclut pas de donn\u00e9es personnelles et indique simplement l&rsquo;ID de l&rsquo;article que vous venez de modifier. Il expire apr\u00e8s 1 jour.<\/p>\n<p>Formulaires de contact<\/p>\n<p>Biscuits<\/p>\n<p>Contenu int\u00e9gr\u00e9 provenant d&rsquo;autres sites Web<\/p>\n<p>Les articles de ce site peuvent inclure du contenu int\u00e9gr\u00e9 (par exemple, des vid\u00e9os, des images, des articles, etc.). Le contenu int\u00e9gr\u00e9 d&rsquo;autres sites Web se comporte exactement de la m\u00eame mani\u00e8re que si le visiteur avait visit\u00e9 l&rsquo;autre site Web.<\/p>\n<p>Ce site Web peut collecter des donn\u00e9es vous concernant, utiliser des cookies, int\u00e9grer un suivi tiers suppl\u00e9mentaire et surveiller votre interaction avec ce contenu int\u00e9gr\u00e9, y compris le suivi de votre interaction avec le contenu int\u00e9gr\u00e9 si vous avez un compte et \u00eates connect\u00e9 \u00e0 ce site Web.<\/p>\n<p>Analyse<\/p>\n<p>Avec qui partageons-nous vos donn\u00e9es<\/p>\n<p>Combien de temps conservons-nous vos donn\u00e9es<\/p>\n<p>Si vous laissez un commentaire, le commentaire et ses m\u00e9tadonn\u00e9es sont conserv\u00e9s ind\u00e9finiment. C&rsquo;est pour que nous puissions reconna\u00eetre et approuver automatiquement les commentaires suivants, au lieu de les garder dans une file d&rsquo;attente de mod\u00e9ration.<\/p>\n<p>Parmi les utilisateurs qui s&rsquo;inscrivent sur notre site Web (le cas \u00e9ch\u00e9ant), nous stockons \u00e9galement les informations personnelles qu&rsquo;ils fournissent dans leur profil d&rsquo;utilisateur. Tous les utilisateurs peuvent afficher, modifier ou supprimer leurs informations personnelles \u00e0 tout moment (sauf qu&rsquo;ils ne peuvent pas changer leur nom d&rsquo;utilisateur). Les administrateurs de site Web peuvent \u00e9galement afficher et modifier ces informations.<\/p>\n<p>Quels droits avez-vous sur vos donn\u00e9es ?<\/p>\n<p>Si vous avez un compte ou avez laiss\u00e9 des commentaires sur ce site Web, vous pouvez demander \u00e0 recevoir un fichier d&rsquo;exportation des donn\u00e9es personnelles que nous poss\u00e9dons \u00e0 votre sujet, y compris les donn\u00e9es que vous nous avez fournies. Vous pouvez \u00e9galement demander que nous supprimions toutes les donn\u00e9es personnelles que nous d\u00e9tenons \u00e0 votre sujet. Cela n&rsquo;inclut pas les donn\u00e9es que nous sommes tenus de conserver \u00e0 des fins administratives, juridiques ou de s\u00e9curit\u00e9.<\/p>\n<p>O\u00f9 nous envoyons vos donn\u00e9es<\/p>\n<p>Les commentaires des visiteurs peuvent \u00eatre v\u00e9rifi\u00e9s par un service automatis\u00e9 de d\u00e9tection de spam.<\/p>\n<p>Vos coordonn\u00e9es<\/p>\n<p>Information additionnelle<\/p>\n<p>Comment nous prot\u00e9geons vos donn\u00e9es<\/p>\n<p>Quelles proc\u00e9dures utilisons-nous contre les violations de donn\u00e9es<\/p>\n<p>De quels tiers nous recevons des donn\u00e9es<\/p>\n<p>Quel type de prise de d\u00e9cision automatis\u00e9e et\/ou de profilage faisons-nous avec les donn\u00e9es des utilisateurs<\/p>\n<p>Exigences r\u00e9glementaires pour la divulgation d&rsquo;informations dans le secteur<\/p>\n<p>\n<\/div><\/div><\/div><\/div><\/div><\/div><\/div><\/div><\/div><\/section>","protected":false},"excerpt":{"rendered":"","protected":false},"author":1,"featured_media":0,"parent":0,"menu_order":0,"comment_status":"closed","ping_status":"open","template":"","meta":{"inline_featured_image":false,"footnotes":""},"class_list":["post-3616","page","type-page","status-publish","hentry"],"_links":{"self":[{"href":"https:\/\/estelaehotels.com\/fr\/wp-json\/wp\/v2\/pages\/3616","targetHints":{"allow":["GET"]}}],"collection":[{"href":"https:\/\/estelaehotels.com\/fr\/wp-json\/wp\/v2\/pages"}],"about":[{"href":"https:\/\/estelaehotels.com\/fr\/wp-json\/wp\/v2\/types\/page"}],"author":[{"embeddable":true,"href":"https:\/\/estelaehotels.com\/fr\/wp-json\/wp\/v2\/users\/1"}],"replies":[{"embeddable":true,"href":"https:\/\/estelaehotels.com\/fr\/wp-json\/wp\/v2\/comments?post=3616"}],"version-history":[{"count":1,"href":"https:\/\/estelaehotels.com\/fr\/wp-json\/wp\/v2\/pages\/3616\/revisions"}],"predecessor-version":[{"id":3617,"href":"https:\/\/estelaehotels.com\/fr\/wp-json\/wp\/v2\/pages\/3616\/revisions\/3617"}],"wp:attachment":[{"href":"https:\/\/estelaehotels.com\/fr\/wp-json\/wp\/v2\/media?parent=3616"}],"curies":[{"name":"wp","href":"https:\/\/api.w.org\/{rel}","templated":true}]}}