{"id":3619,"date":"2021-10-23T14:42:47","date_gmt":"2021-10-23T12:42:47","guid":{"rendered":"https:\/\/estelaehotels.com\/edificios\/"},"modified":"2021-12-03T01:44:43","modified_gmt":"2021-12-02T23:44:43","slug":"immeubles","status":"publish","type":"page","link":"https:\/\/estelaehotels.com\/fr\/immeubles\/","title":{"rendered":"Immeubles"},"content":{"rendered":"<section id=\"bt_bb_section69eb84cb74f57\"  data-background_image_src=\"'https:\/\/estelaehotels.com\/wp-content\/uploads\/2021\/10\/20180705_192024-scaled.jpeg'\" class=\"bt_bb_section bt_bb_layout_boxed_1200 bt_bb_full_screen bt_bb_vertical_align_middle btLazyLoadBackground bt_bb_background_image bt_bb_background_overlay_dark_solid\" style=\"background-image:url(&#039;https:\/\/estelaehotels.com\/wp-content\/plugins\/bold-page-builder\/img\/blank.gif&#039;);\"><div class=\"bt_bb_port\"><div class=\"bt_bb_cell\"><div class=\"bt_bb_cell_inner\"><div class=\"bt_bb_row \"  data-bt-override-class=\"{}\"><div class=\"bt_bb_row_holder\" ><div  class=\"bt_bb_column col-xxl-12 col-xl-12 col-xs-12 col-sm-12 col-md-12 col-lg-12 bt_bb_vertical_align_middle bt_bb_align_left bt_bb_padding_normal\" style=\"; --column-width:12;\" data-width=\"12\" data-bt-override-class=\"{&quot;bt_bb_align_&quot;:{&quot;current_class&quot;:&quot;bt_bb_align_left&quot;,&quot;def&quot;:&quot;left&quot;,&quot;xl&quot;:&quot;left&quot;}}\"><div class=\"bt_bb_column_content\"><div class=\"bt_bb_column_content_inner\"><div  class=\"bt_bb_text\" style=\"color: white;\"><\/p>\n<h1 style=\"text-align: center;\">B\u00e2timents et \u00e9tablissements touristiques :<\/h1>\n<p style=\"text-align: center;\">(Etude, analyse de faisabilit\u00e9, appel d&rsquo;offres, projet, conception, construction et ouverture)<br \/>\nNous analysons le d\u00e9veloppement de projets h\u00f4teliers et touristiques. Nous travaillons avec une \u00e9quipe d&rsquo;architectes et d&rsquo;architectes d&rsquo;int\u00e9rieur adapt\u00e9s \u00e0 chaque projet.<br \/>\nConception et planification (concept et conception finale)<br \/>\nProc\u00e9dures d&rsquo;appel d&rsquo;offres<br \/>\nConstruction, \u00e9quipement et processus d&rsquo;ouverture<\/p>\n<p>\n<\/div><\/div><\/div><\/div><\/div><\/div><\/div><\/div><\/div><\/section>\n","protected":false},"excerpt":{"rendered":"","protected":false},"author":1,"featured_media":0,"parent":0,"menu_order":0,"comment_status":"closed","ping_status":"closed","template":"","meta":{"inline_featured_image":false,"footnotes":""},"class_list":["post-3619","page","type-page","status-publish","hentry"],"_links":{"self":[{"href":"https:\/\/estelaehotels.com\/fr\/wp-json\/wp\/v2\/pages\/3619","targetHints":{"allow":["GET"]}}],"collection":[{"href":"https:\/\/estelaehotels.com\/fr\/wp-json\/wp\/v2\/pages"}],"about":[{"href":"https:\/\/estelaehotels.com\/fr\/wp-json\/wp\/v2\/types\/page"}],"author":[{"embeddable":true,"href":"https:\/\/estelaehotels.com\/fr\/wp-json\/wp\/v2\/users\/1"}],"replies":[{"embeddable":true,"href":"https:\/\/estelaehotels.com\/fr\/wp-json\/wp\/v2\/comments?post=3619"}],"version-history":[{"count":2,"href":"https:\/\/estelaehotels.com\/fr\/wp-json\/wp\/v2\/pages\/3619\/revisions"}],"predecessor-version":[{"id":3621,"href":"https:\/\/estelaehotels.com\/fr\/wp-json\/wp\/v2\/pages\/3619\/revisions\/3621"}],"wp:attachment":[{"href":"https:\/\/estelaehotels.com\/fr\/wp-json\/wp\/v2\/media?parent=3619"}],"curies":[{"name":"wp","href":"https:\/\/api.w.org\/{rel}","templated":true}]}}