{"id":3627,"date":"2021-10-23T14:49:34","date_gmt":"2021-10-23T12:49:34","guid":{"rendered":"https:\/\/estelaehotels.com\/taller-y-creacion-de-proyectos\/"},"modified":"2021-12-03T01:47:32","modified_gmt":"2021-12-02T23:47:32","slug":"atelier-et-creation-de-projet","status":"publish","type":"page","link":"https:\/\/estelaehotels.com\/fr\/atelier-et-creation-de-projet\/","title":{"rendered":"Atelier et cr\u00e9ation de projet"},"content":{"rendered":"<section id=\"bt_bb_section69eb7fe1509a4\"  data-background_image_src=\"'https:\/\/estelaehotels.com\/wp-content\/uploads\/2021\/10\/room_2030-1.jpeg'\" class=\"bt_bb_section bt_bb_layout_boxed_1200 bt_bb_full_screen bt_bb_vertical_align_middle btLazyLoadBackground bt_bb_background_image bt_bb_background_overlay_dark_solid\" style=\"background-image:url(&#039;https:\/\/estelaehotels.com\/wp-content\/plugins\/bold-page-builder\/img\/blank.gif&#039;);\"><div class=\"bt_bb_port\"><div class=\"bt_bb_cell\"><div class=\"bt_bb_cell_inner\"><div class=\"bt_bb_row \"  data-bt-override-class=\"{}\"><div class=\"bt_bb_row_holder\" ><div  class=\"bt_bb_column col-xxl-12 col-xl-12 col-xs-12 col-sm-12 col-md-12 col-lg-12 bt_bb_vertical_align_middle bt_bb_align_left bt_bb_padding_normal\" style=\"; --column-width:12;\" data-width=\"12\" data-bt-override-class=\"{&quot;bt_bb_align_&quot;:{&quot;current_class&quot;:&quot;bt_bb_align_left&quot;,&quot;def&quot;:&quot;left&quot;,&quot;xl&quot;:&quot;left&quot;}}\"><div class=\"bt_bb_column_content\"><div class=\"bt_bb_column_content_inner\"><div  class=\"bt_bb_text\" style=\"color: white;\"><\/p>\n<h1 style=\"text-align: center;\">Atelier et cr\u00e9ation de projet<\/h1>\n<p style=\"text-align: center;\">Nous avons une \u00e9quipe technique (architecture, ing\u00e9nierie et design d&rsquo;int\u00e9rieur) pour d\u00e9velopper tous les projets n\u00e9cessaires, soumissionner et ex\u00e9cuter les travaux et demander des licences. L&rsquo;\u00c9QUIPE TECHNIQUE g\u00e9rera les licences n\u00e9cessaires, telles que les concepts et les chefs de projet.<\/p>\n<p style=\"text-align: center;\">Nous cr\u00e9ons et r\u00e9alisons une supervision tout au long du processus de suivi du projet, nous permettant de d\u00e9tecter et de r\u00e9duire les risques, d&rsquo;optimiser les d\u00e9lais et de maintenir une communication constante et objective avec LE CLIENT (mise en place d&rsquo;actions de corrections).<\/p>\n<p style=\"text-align: center;\">Les trois axes principaux pour parvenir \u00e0 la r\u00e9ussite de tout projet sont : le co\u00fbt, le temps et la qualit\u00e9, \u00e9quilibr\u00e9s et mesur\u00e9s.<\/p>\n<p>\n<\/div><\/div><\/div><\/div><\/div><\/div><\/div><\/div><\/div><\/section>\n","protected":false},"excerpt":{"rendered":"","protected":false},"author":1,"featured_media":0,"parent":0,"menu_order":0,"comment_status":"closed","ping_status":"closed","template":"","meta":{"inline_featured_image":false,"footnotes":""},"class_list":["post-3627","page","type-page","status-publish","hentry"],"_links":{"self":[{"href":"https:\/\/estelaehotels.com\/fr\/wp-json\/wp\/v2\/pages\/3627","targetHints":{"allow":["GET"]}}],"collection":[{"href":"https:\/\/estelaehotels.com\/fr\/wp-json\/wp\/v2\/pages"}],"about":[{"href":"https:\/\/estelaehotels.com\/fr\/wp-json\/wp\/v2\/types\/page"}],"author":[{"embeddable":true,"href":"https:\/\/estelaehotels.com\/fr\/wp-json\/wp\/v2\/users\/1"}],"replies":[{"embeddable":true,"href":"https:\/\/estelaehotels.com\/fr\/wp-json\/wp\/v2\/comments?post=3627"}],"version-history":[{"count":1,"href":"https:\/\/estelaehotels.com\/fr\/wp-json\/wp\/v2\/pages\/3627\/revisions"}],"predecessor-version":[{"id":3628,"href":"https:\/\/estelaehotels.com\/fr\/wp-json\/wp\/v2\/pages\/3627\/revisions\/3628"}],"wp:attachment":[{"href":"https:\/\/estelaehotels.com\/fr\/wp-json\/wp\/v2\/media?parent=3627"}],"curies":[{"name":"wp","href":"https:\/\/api.w.org\/{rel}","templated":true}]}}